{"id":13481,"date":"2020-08-13T12:51:26","date_gmt":"2020-08-13T10:51:26","guid":{"rendered":"https:\/\/fotograafvolendam.nl\/?post_type=product&#038;p=13481"},"modified":"2023-03-02T20:24:09","modified_gmt":"2023-03-02T19:24:09","slug":"foto-in-klederdracht","status":"publish","type":"product","link":"http:\/\/www.fotograafvolendam.nl\/fr\/produit\/photo-in-dress","title":{"rendered":"Photo en costume"},"content":{"rendered":"","protected":false},"excerpt":{"rendered":"<p>Photo en costume de Volendam. Un souvenir unique.<\/p>\n<p>Il faut toujours inclure une impression de la photo !<\/p>\n<p>Toutes les photos num\u00e9riques prises peuvent \u00eatre t\u00e9l\u00e9charg\u00e9es gratuitement apr\u00e8s la s\u00e9ance photo !<\/p>\n<p>1 personne = 15 \u20ac p.p.<br \/>\n2 personnes = 12,50 \u20ac p.p.<br \/>\n3 ou 4 personnes = \u20ac10 p.p.<br \/>\n5 \u00e0 20 personnes = 8,50 \u20ac p.p.<\/p>","protected":false},"featured_media":71951,"template":"","meta":{"rank_math_lock_modified_date":false},"product_cat":[62],"product_tag":[],"_links":{"self":[{"href":"http:\/\/www.fotograafvolendam.nl\/fr\/wp-json\/wp\/v2\/product\/13481"}],"collection":[{"href":"http:\/\/www.fotograafvolendam.nl\/fr\/wp-json\/wp\/v2\/product"}],"about":[{"href":"http:\/\/www.fotograafvolendam.nl\/fr\/wp-json\/wp\/v2\/types\/product"}],"wp:featuredmedia":[{"embeddable":true,"href":"http:\/\/www.fotograafvolendam.nl\/fr\/wp-json\/wp\/v2\/media\/71951"}],"wp:attachment":[{"href":"http:\/\/www.fotograafvolendam.nl\/fr\/wp-json\/wp\/v2\/media?parent=13481"}],"wp:term":[{"taxonomy":"product_cat","embeddable":true,"href":"http:\/\/www.fotograafvolendam.nl\/fr\/wp-json\/wp\/v2\/product_cat?post=13481"},{"taxonomy":"product_tag","embeddable":true,"href":"http:\/\/www.fotograafvolendam.nl\/fr\/wp-json\/wp\/v2\/product_tag?post=13481"}],"curies":[{"name":"wp","href":"https:\/\/api.w.org\/{rel}","templated":true}]}}